{"id":670,"date":"2021-01-12T04:24:07","date_gmt":"2021-01-12T04:24:07","guid":{"rendered":"https:\/\/marketplace.exertiowp.com\/?page_id=670"},"modified":"2024-01-06T21:50:24","modified_gmt":"2024-01-06T20:50:24","slug":"blog","status":"publish","type":"page","link":"https:\/\/ringwork.org\/es_es\/blog\/","title":{"rendered":"Blog"},"content":{"rendered":"\t\t<div data-elementor-type=\"wp-page\" data-elementor-id=\"670\" class=\"elementor elementor-670\">\n\t\t\t\t\t\t<section class=\"elementor-section elementor-top-section elementor-element elementor-element-e9952a0 elementor-section-boxed elementor-section-height-default elementor-section-height-default\" data-id=\"e9952a0\" data-element_type=\"section\">\n\t\t\t\t\t\t<div class=\"elementor-container elementor-column-gap-default\">\n\t\t\t\t\t<div class=\"elementor-column elementor-col-100 elementor-top-column elementor-element elementor-element-d8c3236\" data-id=\"d8c3236\" data-element_type=\"column\">\n\t\t\t<div class=\"elementor-widget-wrap elementor-element-populated\">\n\t\t\t\t\t\t<div class=\"elementor-element elementor-element-fed2235 elementor-widget elementor-widget-blog\" data-id=\"fed2235\" data-element_type=\"widget\" data-widget_type=\"blog.default\">\n\t\t\t\t<div class=\"elementor-widget-container\">\n\t\t\t<section class=\"\">\r\n\t\t\t\t\t\t\t<div class=\"container\">\r\n\t\t\t\t\t\t\t\t<div class=\"row\">\r\n\t\t\t\t\t\t\t\t\t<div class=\"col-xl-12 col-lg-12 col-xs-12 col-md-12 col-xs-12\">\r\n\t\t\t\t\t\t\t\t\t\t<div class=\"heading-panel  section-center\">\r\n\t\t\t\t\t\t\t<div class=\"heading-meta\">\r\n\t\t\t\t\t\t\t  <h2>Introd\u00facete en el Ringwork Coffe Time <\/h2>\r\n\t\t\t\t\t\t\t  <p>Al\u00edstate una taza de caf\u00e9 y disfruta de nuestro blog <\/p>\r\n\t\t\t\t\t\t\t<\/div>\r\n\t\t\t\t\t\t\t\r\n\t\t\t\t\t\t\t<\/div>\r\n\t\t\t\t\t\t\t\t\t<\/div>\r\n\t\t\t\t\t\t\t\t<\/div>\r\n\t\t\t\t\t\t\t\t<div class=\"row grid\">\r\n\t\t\t\t\t\t\t\t\t<div class=\"col-xxl-3 col-xl-4 col-sm-6 col-lg-6 col-xs-12 col-md-6 grid-item\">\r\n\t\t\t\t\t\t\t\t\t<div class=\"fr-latest-box\">\r\n\t\t\t\t\t\t\t\t\t <div class=\"fr-latest-content\"><a href=\"https:\/\/ringwork.org\/es_es\/hola-mundo\/\">\r\n\t\t\t\t\t\t\t\t<img fetchpriority=\"high\" decoding=\"async\" width=\"420\" height=\"250\" src=\"https:\/\/ringwork.org\/wp-content\/uploads\/2024\/01\/istockphoto-1482670462-612x612-1-420x250.jpg\" class=\"img-fluid wp-post-image\" alt=\"\" \/> <\/a>\t\t\t\t\r\n\t\t\t\t\t\t<\/div>\r\n\t\t\t\t\t\t\t\t\t  <div class=\"fr-latest-sm\">\r\n\t\t\t\t\t\t\t\t\t\t<div class=\"fr-latest-content\"> <a href=\"https:\/\/ringwork.org\/es_es\/hola-mundo\/\">\r\n\t\t\t\t\t\t\t\t\t\t  <h3>\u00bfQue beneficios tiene contratar un freelance&hellip;<\/h3>\r\n\t\t\t\t\t\t\t\t\t\t  <\/a>\r\n\t\t\t\t\t\t\t\t\t\t  <div class=\"fr-latest-style\">\r\n\t\t\t\t\t\t\t\t\t\t\t<ul>\r\n\t\t\t\t\t\t\t\t\t\t\t  <li> <a href=\"https:\/\/ringwork.org\/es_es\/author\/wpadmin\/\">\r\n\t\t\t\t\t\t\t\t\t\t\t\t<div class=\"fr-latest-profile\"> <img loading=\"lazy\" decoding=\"async\" src=\"https:\/\/ringwork.org\/wp-content\/plugins\/ultimate-member\/assets\/img\/default_avatar.jpg\" class=\"gravatar avatar avatar-40 um-avatar um-avatar-default\" width=\"40\" height=\"40\" alt=\"Admin\" data-default=\"https:\/\/ringwork.org\/wp-content\/plugins\/ultimate-member\/assets\/img\/default_avatar.jpg\" onerror=\"if ( ! this.getAttribute('data-load-error') ){ this.setAttribute('data-load-error', '1');this.setAttribute('src', this.getAttribute('data-default'));}\" loading=\"lazy\" \/><span>wpadmin<\/span> <\/div>\r\n\t\t\t\t\t\t\t\t\t\t\t\t<\/a> <\/li>\r\n\t\t\t\t\t\t\t\t\t\t\t  <li>\r\n\t\t\t\t\t\t\t\t\t\t\t\t<div class=\"fr-latest-profile\"> <i class=\"fa fa-calendar\"><\/i> <span>24 de noviembre de 2023<\/span> <\/div>\r\n\t\t\t\t\t\t\t\t\t\t\t  <\/li>\r\n\t\t\t\t\t\t\t\t\t\t\t<\/ul>\r\n\t\t\t\t\t\t\t\t\t\t  <\/div>\r\n\t\t\t\t\t\t\t\t\t\t<\/div>\r\n\t\t\t\t\t\t\t\t\t\t<div class=\"fr-latest-container\">\r\n\t\t\t\t\t\t\t\t\t\t  <p>BENEFICIOS DE CONTRATAR UN FREELANCE REMOTO\u00a0 Contratar a un freelance remoto puede ofrecer una variedad de&hellip;<\/p>\r\n\t\t\t\t\t\t\t\t\t\t  <a href=\"https:\/\/ringwork.org\/es_es\/hola-mundo\/\"><span class=\"readmore\">Read More<i class=\"fas fa-long-arrow-alt-right\"><\/i><\/span><\/a> <\/div>\r\n\t\t\t\t\t\t\t\t\t  <\/div>\r\n\t\t\t\t\t\t\t\t\t<\/div>\r\n\t\t\t\t\t\t\t\t<\/div><div class=\"col-xxl-3 col-xl-4 col-sm-6 col-lg-6 col-xs-12 col-md-6 grid-item\">\r\n\t\t\t\t\t\t\t\t\t<div class=\"fr-latest-box\">\r\n\t\t\t\t\t\t\t\t\t <div class=\"fr-latest-content\"><a href=\"https:\/\/ringwork.org\/es_es\/what-is-cybersecurity\/\">\r\n\t\t\t\t\t\t\t\t<img decoding=\"async\" width=\"420\" height=\"250\" src=\"https:\/\/ringwork.org\/wp-content\/uploads\/2024\/01\/ilustracion-soporte-al-cliente_23-2148904375-420x250.jpg\" class=\"img-fluid wp-post-image\" alt=\"\" \/> <\/a>\t\t\t\t\r\n\t\t\t\t\t\t<\/div>\r\n\t\t\t\t\t\t\t\t\t  <div class=\"fr-latest-sm\">\r\n\t\t\t\t\t\t\t\t\t\t<div class=\"fr-latest-content\"> <a href=\"https:\/\/ringwork.org\/es_es\/what-is-cybersecurity\/\">\r\n\t\t\t\t\t\t\t\t\t\t  <h3>CONSEJOS PARA&hellip;<\/h3>\r\n\t\t\t\t\t\t\t\t\t\t  <\/a>\r\n\t\t\t\t\t\t\t\t\t\t  <div class=\"fr-latest-style\">\r\n\t\t\t\t\t\t\t\t\t\t\t<ul>\r\n\t\t\t\t\t\t\t\t\t\t\t  <li> <a href=\"https:\/\/ringwork.org\/es_es\/author\/ismael\/\">\r\n\t\t\t\t\t\t\t\t\t\t\t\t<div class=\"fr-latest-profile\"> <img loading=\"lazy\" decoding=\"async\" src=\"https:\/\/ringwork.org\/wp-content\/plugins\/ultimate-member\/assets\/img\/default_avatar.jpg\" class=\"gravatar avatar avatar-40 um-avatar um-avatar-default\" width=\"40\" height=\"40\" alt=\"Ismael Gutierrez\" data-default=\"https:\/\/ringwork.org\/wp-content\/plugins\/ultimate-member\/assets\/img\/default_avatar.jpg\" onerror=\"if ( ! this.getAttribute('data-load-error') ){ this.setAttribute('data-load-error', '1');this.setAttribute('src', this.getAttribute('data-default'));}\" loading=\"lazy\" \/><span>ismael<\/span> <\/div>\r\n\t\t\t\t\t\t\t\t\t\t\t\t<\/a> <\/li>\r\n\t\t\t\t\t\t\t\t\t\t\t  <li>\r\n\t\t\t\t\t\t\t\t\t\t\t\t<div class=\"fr-latest-profile\"> <i class=\"fa fa-calendar\"><\/i> <span>29 de diciembre de 2020<\/span> <\/div>\r\n\t\t\t\t\t\t\t\t\t\t\t  <\/li>\r\n\t\t\t\t\t\t\t\t\t\t\t<\/ul>\r\n\t\t\t\t\t\t\t\t\t\t  <\/div>\r\n\t\t\t\t\t\t\t\t\t\t<\/div>\r\n\t\t\t\t\t\t\t\t\t\t<div class=\"fr-latest-container\">\r\n\t\t\t\t\t\t\t\t\t\t  <p>\u00a0 \u00a0 \u00a0 \u00a0 \u00a0 \u00a0 \u00a0 \u00a0 \u00a0 \u00a0 \u00a0 \u00a0 \u00a0 \u00a0 \u00a0 \u00a0&hellip;<\/p>\r\n\t\t\t\t\t\t\t\t\t\t  <a href=\"https:\/\/ringwork.org\/es_es\/what-is-cybersecurity\/\"><span class=\"readmore\">Read More<i class=\"fas fa-long-arrow-alt-right\"><\/i><\/span><\/a> <\/div>\r\n\t\t\t\t\t\t\t\t\t  <\/div>\r\n\t\t\t\t\t\t\t\t\t<\/div>\r\n\t\t\t\t\t\t\t\t<\/div><div class=\"col-xxl-3 col-xl-4 col-sm-6 col-lg-6 col-xs-12 col-md-6 grid-item\">\r\n\t\t\t\t\t\t\t\t\t<div class=\"fr-latest-box\">\r\n\t\t\t\t\t\t\t\t\t <div class=\"fr-latest-content\"><a href=\"https:\/\/ringwork.org\/es_es\/estrategias-para-manejar-llamadas-dificiles\/\">\r\n\t\t\t\t\t\t\t\t<img decoding=\"async\" width=\"420\" height=\"250\" src=\"https:\/\/ringwork.org\/wp-content\/uploads\/2024\/01\/istockphoto-1191751851-612x612-1-420x250.jpg\" class=\"img-fluid wp-post-image\" alt=\"\" \/> <\/a>\t\t\t\t\r\n\t\t\t\t\t\t<\/div>\r\n\t\t\t\t\t\t\t\t\t  <div class=\"fr-latest-sm\">\r\n\t\t\t\t\t\t\t\t\t\t<div class=\"fr-latest-content\"> <a href=\"https:\/\/ringwork.org\/es_es\/estrategias-para-manejar-llamadas-dificiles\/\">\r\n\t\t\t\t\t\t\t\t\t\t  <h3>Estrategias para manejar llamadas&hellip;<\/h3>\r\n\t\t\t\t\t\t\t\t\t\t  <\/a>\r\n\t\t\t\t\t\t\t\t\t\t  <div class=\"fr-latest-style\">\r\n\t\t\t\t\t\t\t\t\t\t\t<ul>\r\n\t\t\t\t\t\t\t\t\t\t\t  <li> <a href=\"https:\/\/ringwork.org\/es_es\/author\/ismael\/\">\r\n\t\t\t\t\t\t\t\t\t\t\t\t<div class=\"fr-latest-profile\"> <img loading=\"lazy\" decoding=\"async\" src=\"https:\/\/ringwork.org\/wp-content\/plugins\/ultimate-member\/assets\/img\/default_avatar.jpg\" class=\"gravatar avatar avatar-40 um-avatar um-avatar-default\" width=\"40\" height=\"40\" alt=\"Ismael Gutierrez\" data-default=\"https:\/\/ringwork.org\/wp-content\/plugins\/ultimate-member\/assets\/img\/default_avatar.jpg\" onerror=\"if ( ! this.getAttribute('data-load-error') ){ this.setAttribute('data-load-error', '1');this.setAttribute('src', this.getAttribute('data-default'));}\" loading=\"lazy\" \/><span>ismael<\/span> <\/div>\r\n\t\t\t\t\t\t\t\t\t\t\t\t<\/a> <\/li>\r\n\t\t\t\t\t\t\t\t\t\t\t  <li>\r\n\t\t\t\t\t\t\t\t\t\t\t\t<div class=\"fr-latest-profile\"> <i class=\"fa fa-calendar\"><\/i> <span>29 de diciembre de 2020<\/span> <\/div>\r\n\t\t\t\t\t\t\t\t\t\t\t  <\/li>\r\n\t\t\t\t\t\t\t\t\t\t\t<\/ul>\r\n\t\t\t\t\t\t\t\t\t\t  <\/div>\r\n\t\t\t\t\t\t\t\t\t\t<\/div>\r\n\t\t\t\t\t\t\t\t\t\t<div class=\"fr-latest-container\">\r\n\t\t\t\t\t\t\t\t\t\t  <p>\u00a0 \u00a0 \u00a0 \u00a0 \u00a0 \u00a0 \u00a0 \u00a0 \u00a0 \u00a0 \u00a0 \u00a0 \u00a0 \u00a0 \u00a0 \u00a0&hellip;<\/p>\r\n\t\t\t\t\t\t\t\t\t\t  <a href=\"https:\/\/ringwork.org\/es_es\/estrategias-para-manejar-llamadas-dificiles\/\"><span class=\"readmore\">Read More<i class=\"fas fa-long-arrow-alt-right\"><\/i><\/span><\/a> <\/div>\r\n\t\t\t\t\t\t\t\t\t  <\/div>\r\n\t\t\t\t\t\t\t\t\t<\/div>\r\n\t\t\t\t\t\t\t\t<\/div><div class=\"col-xxl-3 col-xl-4 col-sm-6 col-lg-6 col-xs-12 col-md-6 grid-item\">\r\n\t\t\t\t\t\t\t\t\t<div class=\"fr-latest-box\">\r\n\t\t\t\t\t\t\t\t\t <div class=\"fr-latest-content\"><a href=\"https:\/\/ringwork.org\/es_es\/como-mantener-la-productividad-trabajando-desde-casa\/\">\r\n\t\t\t\t\t\t\t\t<img loading=\"lazy\" decoding=\"async\" width=\"420\" height=\"250\" src=\"https:\/\/ringwork.org\/wp-content\/uploads\/2024\/01\/istockphoto-1394790548-612x612-1-420x250.jpg\" class=\"img-fluid wp-post-image\" alt=\"\" \/> <\/a>\t\t\t\t\r\n\t\t\t\t\t\t<\/div>\r\n\t\t\t\t\t\t\t\t\t  <div class=\"fr-latest-sm\">\r\n\t\t\t\t\t\t\t\t\t\t<div class=\"fr-latest-content\"> <a href=\"https:\/\/ringwork.org\/es_es\/como-mantener-la-productividad-trabajando-desde-casa\/\">\r\n\t\t\t\t\t\t\t\t\t\t  <h3>Como mantener la productividad trabajando desde&hellip;<\/h3>\r\n\t\t\t\t\t\t\t\t\t\t  <\/a>\r\n\t\t\t\t\t\t\t\t\t\t  <div class=\"fr-latest-style\">\r\n\t\t\t\t\t\t\t\t\t\t\t<ul>\r\n\t\t\t\t\t\t\t\t\t\t\t  <li> <a href=\"https:\/\/ringwork.org\/es_es\/author\/ismael\/\">\r\n\t\t\t\t\t\t\t\t\t\t\t\t<div class=\"fr-latest-profile\"> <img loading=\"lazy\" decoding=\"async\" src=\"https:\/\/ringwork.org\/wp-content\/plugins\/ultimate-member\/assets\/img\/default_avatar.jpg\" class=\"gravatar avatar avatar-40 um-avatar um-avatar-default\" width=\"40\" height=\"40\" alt=\"Ismael Gutierrez\" data-default=\"https:\/\/ringwork.org\/wp-content\/plugins\/ultimate-member\/assets\/img\/default_avatar.jpg\" onerror=\"if ( ! this.getAttribute('data-load-error') ){ this.setAttribute('data-load-error', '1');this.setAttribute('src', this.getAttribute('data-default'));}\" loading=\"lazy\" \/><span>ismael<\/span> <\/div>\r\n\t\t\t\t\t\t\t\t\t\t\t\t<\/a> <\/li>\r\n\t\t\t\t\t\t\t\t\t\t\t  <li>\r\n\t\t\t\t\t\t\t\t\t\t\t\t<div class=\"fr-latest-profile\"> <i class=\"fa fa-calendar\"><\/i> <span>29 de diciembre de 2020<\/span> <\/div>\r\n\t\t\t\t\t\t\t\t\t\t\t  <\/li>\r\n\t\t\t\t\t\t\t\t\t\t\t<\/ul>\r\n\t\t\t\t\t\t\t\t\t\t  <\/div>\r\n\t\t\t\t\t\t\t\t\t\t<\/div>\r\n\t\t\t\t\t\t\t\t\t\t<div class=\"fr-latest-container\">\r\n\t\t\t\t\t\t\t\t\t\t  <p>COMO MANTENER LA PRODUCTIVIDAD TRABAJANDO\u00a0 DESDE CASA Establece un Espacio de Trabajo Dedicado: Estrategia: Designa un&hellip;<\/p>\r\n\t\t\t\t\t\t\t\t\t\t  <a href=\"https:\/\/ringwork.org\/es_es\/como-mantener-la-productividad-trabajando-desde-casa\/\"><span class=\"readmore\">Read More<i class=\"fas fa-long-arrow-alt-right\"><\/i><\/span><\/a> <\/div>\r\n\t\t\t\t\t\t\t\t\t  <\/div>\r\n\t\t\t\t\t\t\t\t\t<\/div>\r\n\t\t\t\t\t\t\t\t<\/div><div class=\"col-xxl-3 col-xl-4 col-sm-6 col-lg-6 col-xs-12 col-md-6 grid-item\">\r\n\t\t\t\t\t\t\t\t\t<div class=\"fr-latest-box\">\r\n\t\t\t\t\t\t\t\t\t <div class=\"fr-latest-content\"><a href=\"https:\/\/ringwork.org\/es_es\/what-is-project-management\/\">\r\n\t\t\t\t\t\t\t\t<img loading=\"lazy\" decoding=\"async\" width=\"420\" height=\"250\" src=\"https:\/\/ringwork.org\/wp-content\/uploads\/2024\/01\/istockphoto-495751313-612x612-1-420x250.jpg\" class=\"img-fluid wp-post-image\" alt=\"\" \/> <\/a>\t\t\t\t\r\n\t\t\t\t\t\t<\/div>\r\n\t\t\t\t\t\t\t\t\t  <div class=\"fr-latest-sm\">\r\n\t\t\t\t\t\t\t\t\t\t<div class=\"fr-latest-content\"> <a href=\"https:\/\/ringwork.org\/es_es\/what-is-project-management\/\">\r\n\t\t\t\t\t\t\t\t\t\t  <h3>Tendencias de&hellip;<\/h3>\r\n\t\t\t\t\t\t\t\t\t\t  <\/a>\r\n\t\t\t\t\t\t\t\t\t\t  <div class=\"fr-latest-style\">\r\n\t\t\t\t\t\t\t\t\t\t\t<ul>\r\n\t\t\t\t\t\t\t\t\t\t\t  <li> <a href=\"https:\/\/ringwork.org\/es_es\/author\/ismael\/\">\r\n\t\t\t\t\t\t\t\t\t\t\t\t<div class=\"fr-latest-profile\"> <img loading=\"lazy\" decoding=\"async\" src=\"https:\/\/ringwork.org\/wp-content\/plugins\/ultimate-member\/assets\/img\/default_avatar.jpg\" class=\"gravatar avatar avatar-40 um-avatar um-avatar-default\" width=\"40\" height=\"40\" alt=\"Ismael Gutierrez\" data-default=\"https:\/\/ringwork.org\/wp-content\/plugins\/ultimate-member\/assets\/img\/default_avatar.jpg\" onerror=\"if ( ! this.getAttribute('data-load-error') ){ this.setAttribute('data-load-error', '1');this.setAttribute('src', this.getAttribute('data-default'));}\" loading=\"lazy\" \/><span>ismael<\/span> <\/div>\r\n\t\t\t\t\t\t\t\t\t\t\t\t<\/a> <\/li>\r\n\t\t\t\t\t\t\t\t\t\t\t  <li>\r\n\t\t\t\t\t\t\t\t\t\t\t\t<div class=\"fr-latest-profile\"> <i class=\"fa fa-calendar\"><\/i> <span>29 de diciembre de 2020<\/span> <\/div>\r\n\t\t\t\t\t\t\t\t\t\t\t  <\/li>\r\n\t\t\t\t\t\t\t\t\t\t\t<\/ul>\r\n\t\t\t\t\t\t\t\t\t\t  <\/div>\r\n\t\t\t\t\t\t\t\t\t\t<\/div>\r\n\t\t\t\t\t\t\t\t\t\t<div class=\"fr-latest-container\">\r\n\t\t\t\t\t\t\t\t\t\t  <p>TENDENCIAS DE TELETRABAJO\u00a0 \u00a0 El teletrabajo ha experimentado un crecimiento significativo en los \u00faltimos a\u00f1os, y&hellip;<\/p>\r\n\t\t\t\t\t\t\t\t\t\t  <a href=\"https:\/\/ringwork.org\/es_es\/what-is-project-management\/\"><span class=\"readmore\">Read More<i class=\"fas fa-long-arrow-alt-right\"><\/i><\/span><\/a> <\/div>\r\n\t\t\t\t\t\t\t\t\t  <\/div>\r\n\t\t\t\t\t\t\t\t\t<\/div>\r\n\t\t\t\t\t\t\t\t<\/div><div class=\"col-xxl-3 col-xl-4 col-sm-6 col-lg-6 col-xs-12 col-md-6 grid-item\">\r\n\t\t\t\t\t\t\t\t\t<div class=\"fr-latest-box\">\r\n\t\t\t\t\t\t\t\t\t <div class=\"fr-latest-content\"><a href=\"https:\/\/ringwork.org\/es_es\/email-marketing\/\">\r\n\t\t\t\t\t\t\t\t<img loading=\"lazy\" decoding=\"async\" width=\"420\" height=\"250\" src=\"https:\/\/ringwork.org\/wp-content\/uploads\/2020\/12\/3d-social-media-platform-online-social-communication-applications-concept-emoji-webpage-search-icons-chat-chart-with-smartphone-3d-rendering_73903-550-420x250.jpg\" class=\"img-fluid wp-post-image\" alt=\"\" srcset=\"https:\/\/ringwork.org\/wp-content\/uploads\/2020\/12\/3d-social-media-platform-online-social-communication-applications-concept-emoji-webpage-search-icons-chat-chart-with-smartphone-3d-rendering_73903-550-420x250.jpg 420w, https:\/\/ringwork.org\/wp-content\/uploads\/2020\/12\/3d-social-media-platform-online-social-communication-applications-concept-emoji-webpage-search-icons-chat-chart-with-smartphone-3d-rendering_73903-550-300x180.jpg 300w\" sizes=\"(max-width: 420px) 100vw, 420px\" \/> <\/a>\t\t\t\t\r\n\t\t\t\t\t\t<\/div>\r\n\t\t\t\t\t\t\t\t\t  <div class=\"fr-latest-sm\">\r\n\t\t\t\t\t\t\t\t\t\t<div class=\"fr-latest-content\"> <a href=\"https:\/\/ringwork.org\/es_es\/email-marketing\/\">\r\n\t\t\t\t\t\t\t\t\t\t  <h3>\u00bfExisten certificaciones relevantes para&hellip;<\/h3>\r\n\t\t\t\t\t\t\t\t\t\t  <\/a>\r\n\t\t\t\t\t\t\t\t\t\t  <div class=\"fr-latest-style\">\r\n\t\t\t\t\t\t\t\t\t\t\t<ul>\r\n\t\t\t\t\t\t\t\t\t\t\t  <li> <a href=\"https:\/\/ringwork.org\/es_es\/author\/ismael\/\">\r\n\t\t\t\t\t\t\t\t\t\t\t\t<div class=\"fr-latest-profile\"> <img loading=\"lazy\" decoding=\"async\" src=\"https:\/\/ringwork.org\/wp-content\/plugins\/ultimate-member\/assets\/img\/default_avatar.jpg\" class=\"gravatar avatar avatar-40 um-avatar um-avatar-default\" width=\"40\" height=\"40\" alt=\"Ismael Gutierrez\" data-default=\"https:\/\/ringwork.org\/wp-content\/plugins\/ultimate-member\/assets\/img\/default_avatar.jpg\" onerror=\"if ( ! this.getAttribute('data-load-error') ){ this.setAttribute('data-load-error', '1');this.setAttribute('src', this.getAttribute('data-default'));}\" loading=\"lazy\" \/><span>ismael<\/span> <\/div>\r\n\t\t\t\t\t\t\t\t\t\t\t\t<\/a> <\/li>\r\n\t\t\t\t\t\t\t\t\t\t\t  <li>\r\n\t\t\t\t\t\t\t\t\t\t\t\t<div class=\"fr-latest-profile\"> <i class=\"fa fa-calendar\"><\/i> <span>29 de diciembre de 2020<\/span> <\/div>\r\n\t\t\t\t\t\t\t\t\t\t\t  <\/li>\r\n\t\t\t\t\t\t\t\t\t\t\t<\/ul>\r\n\t\t\t\t\t\t\t\t\t\t  <\/div>\r\n\t\t\t\t\t\t\t\t\t\t<\/div>\r\n\t\t\t\t\t\t\t\t\t\t<div class=\"fr-latest-container\">\r\n\t\t\t\t\t\t\t\t\t\t  <p>CERTIFICACIONES Y CURSOS\u00a0 RELEVANTES PARA TELEOPERADORES\u00a0 Para mejorar las habilidades y avanzar en la carrera como&hellip;<\/p>\r\n\t\t\t\t\t\t\t\t\t\t  <a href=\"https:\/\/ringwork.org\/es_es\/email-marketing\/\"><span class=\"readmore\">Read More<i class=\"fas fa-long-arrow-alt-right\"><\/i><\/span><\/a> <\/div>\r\n\t\t\t\t\t\t\t\t\t  <\/div>\r\n\t\t\t\t\t\t\t\t\t<\/div>\r\n\t\t\t\t\t\t\t\t<\/div><div class=\"col-xxl-3 col-xl-4 col-sm-6 col-lg-6 col-xs-12 col-md-6 grid-item\">\r\n\t\t\t\t\t\t\t\t\t<div class=\"fr-latest-box\">\r\n\t\t\t\t\t\t\t\t\t <div class=\"fr-latest-content\"><a href=\"https:\/\/ringwork.org\/es_es\/online-personal-training\/\">\r\n\t\t\t\t\t\t\t\t<img loading=\"lazy\" decoding=\"async\" width=\"420\" height=\"250\" src=\"https:\/\/ringwork.org\/wp-content\/uploads\/2020\/12\/video-conference-5167472_1280-420x250.jpg\" class=\"img-fluid wp-post-image\" alt=\"\" srcset=\"https:\/\/ringwork.org\/wp-content\/uploads\/2020\/12\/video-conference-5167472_1280-420x250.jpg 420w, https:\/\/ringwork.org\/wp-content\/uploads\/2020\/12\/video-conference-5167472_1280-300x180.jpg 300w\" sizes=\"(max-width: 420px) 100vw, 420px\" \/> <\/a>\t\t\t\t\r\n\t\t\t\t\t\t<\/div>\r\n\t\t\t\t\t\t\t\t\t  <div class=\"fr-latest-sm\">\r\n\t\t\t\t\t\t\t\t\t\t<div class=\"fr-latest-content\"> <a href=\"https:\/\/ringwork.org\/es_es\/online-personal-training\/\">\r\n\t\t\t\t\t\t\t\t\t\t  <h3>\u00bfEn que nos benefficia la automatizaci\u00f3n de los&hellip;<\/h3>\r\n\t\t\t\t\t\t\t\t\t\t  <\/a>\r\n\t\t\t\t\t\t\t\t\t\t  <div class=\"fr-latest-style\">\r\n\t\t\t\t\t\t\t\t\t\t\t<ul>\r\n\t\t\t\t\t\t\t\t\t\t\t  <li> <a href=\"https:\/\/ringwork.org\/es_es\/author\/ismael\/\">\r\n\t\t\t\t\t\t\t\t\t\t\t\t<div class=\"fr-latest-profile\"> <img loading=\"lazy\" decoding=\"async\" src=\"https:\/\/ringwork.org\/wp-content\/plugins\/ultimate-member\/assets\/img\/default_avatar.jpg\" class=\"gravatar avatar avatar-40 um-avatar um-avatar-default\" width=\"40\" height=\"40\" alt=\"Ismael Gutierrez\" data-default=\"https:\/\/ringwork.org\/wp-content\/plugins\/ultimate-member\/assets\/img\/default_avatar.jpg\" onerror=\"if ( ! this.getAttribute('data-load-error') ){ this.setAttribute('data-load-error', '1');this.setAttribute('src', this.getAttribute('data-default'));}\" loading=\"lazy\" \/><span>ismael<\/span> <\/div>\r\n\t\t\t\t\t\t\t\t\t\t\t\t<\/a> <\/li>\r\n\t\t\t\t\t\t\t\t\t\t\t  <li>\r\n\t\t\t\t\t\t\t\t\t\t\t\t<div class=\"fr-latest-profile\"> <i class=\"fa fa-calendar\"><\/i> <span>29 de diciembre de 2020<\/span> <\/div>\r\n\t\t\t\t\t\t\t\t\t\t\t  <\/li>\r\n\t\t\t\t\t\t\t\t\t\t\t<\/ul>\r\n\t\t\t\t\t\t\t\t\t\t  <\/div>\r\n\t\t\t\t\t\t\t\t\t\t<\/div>\r\n\t\t\t\t\t\t\t\t\t\t<div class=\"fr-latest-container\">\r\n\t\t\t\t\t\t\t\t\t\t  <p>IMPACTO DE LA AUTOMATIZACI\u00d3N DE LA INDUSTRIA\u00a0 La automatizaci\u00f3n tiene un impacto significativo en diversas industrias&hellip;<\/p>\r\n\t\t\t\t\t\t\t\t\t\t  <a href=\"https:\/\/ringwork.org\/es_es\/online-personal-training\/\"><span class=\"readmore\">Read More<i class=\"fas fa-long-arrow-alt-right\"><\/i><\/span><\/a> <\/div>\r\n\t\t\t\t\t\t\t\t\t  <\/div>\r\n\t\t\t\t\t\t\t\t\t<\/div>\r\n\t\t\t\t\t\t\t\t<\/div><div class=\"col-xxl-3 col-xl-4 col-sm-6 col-lg-6 col-xs-12 col-md-6 grid-item\">\r\n\t\t\t\t\t\t\t\t\t<div class=\"fr-latest-box\">\r\n\t\t\t\t\t\t\t\t\t <div class=\"fr-latest-content\"><a href=\"https:\/\/ringwork.org\/es_es\/what-is-ecommerce-and-how-to-start-an-ecommerce-business\/\">\r\n\t\t\t\t\t\t\t\t<img loading=\"lazy\" decoding=\"async\" width=\"420\" height=\"250\" src=\"https:\/\/ringwork.org\/wp-content\/uploads\/2024\/01\/istockphoto-1271659688-612x612-1-420x250.jpg\" class=\"img-fluid wp-post-image\" alt=\"\" \/> <\/a>\t\t\t\t\r\n\t\t\t\t\t\t<\/div>\r\n\t\t\t\t\t\t\t\t\t  <div class=\"fr-latest-sm\">\r\n\t\t\t\t\t\t\t\t\t\t<div class=\"fr-latest-content\"> <a href=\"https:\/\/ringwork.org\/es_es\/what-is-ecommerce-and-how-to-start-an-ecommerce-business\/\">\r\n\t\t\t\t\t\t\t\t\t\t  <h3>\u00bfComo ha avanzado la tecnolog\u00eda con respecto a la atenci\u00f3n al&hellip;<\/h3>\r\n\t\t\t\t\t\t\t\t\t\t  <\/a>\r\n\t\t\t\t\t\t\t\t\t\t  <div class=\"fr-latest-style\">\r\n\t\t\t\t\t\t\t\t\t\t\t<ul>\r\n\t\t\t\t\t\t\t\t\t\t\t  <li> <a href=\"https:\/\/ringwork.org\/es_es\/author\/ismael\/\">\r\n\t\t\t\t\t\t\t\t\t\t\t\t<div class=\"fr-latest-profile\"> <img loading=\"lazy\" decoding=\"async\" src=\"https:\/\/ringwork.org\/wp-content\/plugins\/ultimate-member\/assets\/img\/default_avatar.jpg\" class=\"gravatar avatar avatar-40 um-avatar um-avatar-default\" width=\"40\" height=\"40\" alt=\"Ismael Gutierrez\" data-default=\"https:\/\/ringwork.org\/wp-content\/plugins\/ultimate-member\/assets\/img\/default_avatar.jpg\" onerror=\"if ( ! this.getAttribute('data-load-error') ){ this.setAttribute('data-load-error', '1');this.setAttribute('src', this.getAttribute('data-default'));}\" loading=\"lazy\" \/><span>ismael<\/span> <\/div>\r\n\t\t\t\t\t\t\t\t\t\t\t\t<\/a> <\/li>\r\n\t\t\t\t\t\t\t\t\t\t\t  <li>\r\n\t\t\t\t\t\t\t\t\t\t\t\t<div class=\"fr-latest-profile\"> <i class=\"fa fa-calendar\"><\/i> <span>29 de diciembre de 2020<\/span> <\/div>\r\n\t\t\t\t\t\t\t\t\t\t\t  <\/li>\r\n\t\t\t\t\t\t\t\t\t\t\t<\/ul>\r\n\t\t\t\t\t\t\t\t\t\t  <\/div>\r\n\t\t\t\t\t\t\t\t\t\t<\/div>\r\n\t\t\t\t\t\t\t\t\t\t<div class=\"fr-latest-container\">\r\n\t\t\t\t\t\t\t\t\t\t  <p>NUEVAS TECNOLOG\u00cdAS DE ATENCI\u00d3N AL CLIENTE\u00a0 La atenci\u00f3n al cliente ha experimentado una transformaci\u00f3n significativa con&hellip;<\/p>\r\n\t\t\t\t\t\t\t\t\t\t  <a href=\"https:\/\/ringwork.org\/es_es\/what-is-ecommerce-and-how-to-start-an-ecommerce-business\/\"><span class=\"readmore\">Read More<i class=\"fas fa-long-arrow-alt-right\"><\/i><\/span><\/a> <\/div>\r\n\t\t\t\t\t\t\t\t\t  <\/div>\r\n\t\t\t\t\t\t\t\t\t<\/div>\r\n\t\t\t\t\t\t\t\t<\/div><div class=\"col-xxl-3 col-xl-4 col-sm-6 col-lg-6 col-xs-12 col-md-6 grid-item\">\r\n\t\t\t\t\t\t\t\t\t<div class=\"fr-latest-box\">\r\n\t\t\t\t\t\t\t\t\t <div class=\"fr-latest-content\"><a href=\"https:\/\/ringwork.org\/es_es\/promote-your-youtube-channel\/\">\r\n\t\t\t\t\t\t\t\t<img loading=\"lazy\" decoding=\"async\" width=\"420\" height=\"250\" src=\"https:\/\/ringwork.org\/wp-content\/uploads\/2020\/12\/youtube-420x250.jpg\" class=\"img-fluid wp-post-image\" alt=\"\" \/> <\/a>\t\t\t\t\r\n\t\t\t\t\t\t<\/div>\r\n\t\t\t\t\t\t\t\t\t  <div class=\"fr-latest-sm\">\r\n\t\t\t\t\t\t\t\t\t\t<div class=\"fr-latest-content\"> <a href=\"https:\/\/ringwork.org\/es_es\/promote-your-youtube-channel\/\">\r\n\t\t\t\t\t\t\t\t\t\t  <h3>\u00a1Es posible ganar m\u00e1s dinero con plataformas como&hellip;<\/h3>\r\n\t\t\t\t\t\t\t\t\t\t  <\/a>\r\n\t\t\t\t\t\t\t\t\t\t  <div class=\"fr-latest-style\">\r\n\t\t\t\t\t\t\t\t\t\t\t<ul>\r\n\t\t\t\t\t\t\t\t\t\t\t  <li> <a href=\"https:\/\/ringwork.org\/es_es\/author\/ismael\/\">\r\n\t\t\t\t\t\t\t\t\t\t\t\t<div class=\"fr-latest-profile\"> <img loading=\"lazy\" decoding=\"async\" src=\"https:\/\/ringwork.org\/wp-content\/plugins\/ultimate-member\/assets\/img\/default_avatar.jpg\" class=\"gravatar avatar avatar-40 um-avatar um-avatar-default\" width=\"40\" height=\"40\" alt=\"Ismael Gutierrez\" data-default=\"https:\/\/ringwork.org\/wp-content\/plugins\/ultimate-member\/assets\/img\/default_avatar.jpg\" onerror=\"if ( ! this.getAttribute('data-load-error') ){ this.setAttribute('data-load-error', '1');this.setAttribute('src', this.getAttribute('data-default'));}\" loading=\"lazy\" \/><span>ismael<\/span> <\/div>\r\n\t\t\t\t\t\t\t\t\t\t\t\t<\/a> <\/li>\r\n\t\t\t\t\t\t\t\t\t\t\t  <li>\r\n\t\t\t\t\t\t\t\t\t\t\t\t<div class=\"fr-latest-profile\"> <i class=\"fa fa-calendar\"><\/i> <span>29 de diciembre de 2020<\/span> <\/div>\r\n\t\t\t\t\t\t\t\t\t\t\t  <\/li>\r\n\t\t\t\t\t\t\t\t\t\t\t<\/ul>\r\n\t\t\t\t\t\t\t\t\t\t  <\/div>\r\n\t\t\t\t\t\t\t\t\t\t<\/div>\r\n\t\t\t\t\t\t\t\t\t\t<div class=\"fr-latest-container\">\r\n\t\t\t\t\t\t\t\t\t\t  <p>Como generar mayor dinero siendo\u00a0 Teleoperador freelance\u00a0 Generar m\u00e1s ingresos como teleoperador freelance implica maximizar tus&hellip;<\/p>\r\n\t\t\t\t\t\t\t\t\t\t  <a href=\"https:\/\/ringwork.org\/es_es\/promote-your-youtube-channel\/\"><span class=\"readmore\">Read More<i class=\"fas fa-long-arrow-alt-right\"><\/i><\/span><\/a> <\/div>\r\n\t\t\t\t\t\t\t\t\t  <\/div>\r\n\t\t\t\t\t\t\t\t\t<\/div>\r\n\t\t\t\t\t\t\t\t<\/div>\r\n\t\t\t\t\t\t\t\t<\/div>\r\n\t\t\t\t\t\t\t<\/div>\r\n\t\t\t\t\t\t<\/section>\t\t<\/div>\n\t\t\t\t<\/div>\n\t\t\t\t\t<\/div>\n\t\t<\/div>\n\t\t\t\t\t<\/div>\n\t\t<\/section>\n\t\t\t\t<\/div>\n\t\t","protected":false},"excerpt":{"rendered":"<p>Introd\u00facete en el Ringwork Coffe Time Al\u00edstate una taza de caf\u00e9 y disfruta de nuestro blog \u00bfQue beneficios tiene contratar un freelance&hellip; wpadmin 24 de noviembre de 2023 BENEFICIOS DE CONTRATAR UN FREELANCE REMOTO\u00a0 Contratar a un freelance remoto puede ofrecer una variedad de&hellip; Read More CONSEJOS PARA&hellip; ismael 29 de diciembre de 2020 \u00a0 [&hellip;]<\/p>\n","protected":false},"author":12,"featured_media":0,"parent":0,"menu_order":0,"comment_status":"closed","ping_status":"closed","template":"","meta":{"_acf_changed":false,"footnotes":""},"class_list":["post-670","page","type-page","status-publish","hentry"],"acf":[],"_links":{"self":[{"href":"https:\/\/ringwork.org\/es_es\/wp-json\/wp\/v2\/pages\/670","targetHints":{"allow":["GET"]}}],"collection":[{"href":"https:\/\/ringwork.org\/es_es\/wp-json\/wp\/v2\/pages"}],"about":[{"href":"https:\/\/ringwork.org\/es_es\/wp-json\/wp\/v2\/types\/page"}],"author":[{"embeddable":true,"href":"https:\/\/ringwork.org\/es_es\/wp-json\/wp\/v2\/users\/12"}],"replies":[{"embeddable":true,"href":"https:\/\/ringwork.org\/es_es\/wp-json\/wp\/v2\/comments?post=670"}],"version-history":[{"count":12,"href":"https:\/\/ringwork.org\/es_es\/wp-json\/wp\/v2\/pages\/670\/revisions"}],"predecessor-version":[{"id":3424,"href":"https:\/\/ringwork.org\/es_es\/wp-json\/wp\/v2\/pages\/670\/revisions\/3424"}],"wp:attachment":[{"href":"https:\/\/ringwork.org\/es_es\/wp-json\/wp\/v2\/media?parent=670"}],"curies":[{"name":"wp","href":"https:\/\/api.w.org\/{rel}","templated":true}]}}